{"id":5135,"date":"2017-11-25T12:01:58","date_gmt":"2017-11-25T11:01:58","guid":{"rendered":"http:\/\/explainas.com\/?page_id=5135"},"modified":"2022-08-24T09:48:43","modified_gmt":"2022-08-24T07:48:43","slug":"erklaerfilme-erklaervideo","status":"publish","type":"page","link":"https:\/\/explainas.com\/de\/erklaerfilme-erklaervideo\/","title":{"rendered":"Erkl\u00e4rfilme Erkl\u00e4rvideos"},"content":{"rendered":"<div class=\"fusion-fullwidth fullwidth-box fusion-builder-row-1 nonhundred-percent-fullwidth non-hundred-percent-height-scrolling\" style=\"--awb-border-radius-top-left:0px;--awb-border-radius-top-right:0px;--awb-border-radius-bottom-right:0px;--awb-border-radius-bottom-left:0px;--awb-padding-top:60px;--awb-padding-bottom:60px;--awb-margin-bottom:50px;--awb-flex-wrap:wrap;\" ><div class=\"fusion-builder-row fusion-row\"><div class=\"fusion-layout-column fusion_builder_column fusion-builder-column-0 fusion_builder_column_1_1 1_1 fusion-one-full fusion-column-first fusion-column-last\" style=\"--awb-bg-size:cover;--awb-margin-bottom:60px;\"><div class=\"fusion-column-wrapper fusion-flex-column-wrapper-legacy\"><div class=\"fusion-text fusion-text-1\"><h1 style=\"text-align: center;\">Die L\u00f6sung Ihrer kommunikativen Herausforderung<\/h1>\n<h3 style=\"text-align: center;\">Erkl\u00e4rvideos = Mehrwert f\u00fcr jeden Preis<\/h3>\n<\/div><div class=\"fusion-clearfix\"><\/div><\/div><\/div><div class=\"fusion-layout-column fusion_builder_column fusion-builder-column-1 fusion_builder_column_1_1 1_1 fusion-one-full fusion-column-first fusion-column-last\" style=\"--awb-bg-size:cover;--awb-margin-top:-7px;--awb-margin-bottom:20px;\"><div class=\"fusion-column-wrapper fusion-flex-column-wrapper-legacy\"><div class=\"fusion-column-content-centered\"><div class=\"fusion-column-content\"><div class=\"fusion-flip-boxes flip-boxes row fusion-columns-3 flip-effect-classic produkte-flipbox\"><div class=\"fusion-flip-box-wrapper fusion-column col-lg-4 col-md-4 col-sm-4\"><div class=\"fusion-flip-box flip-right\" tabindex=\"0\"><div class=\"flip-box-inner-wrapper\"><div class=\"flip-box-front\" style=\"--awb-border-color:#00174f;--awb-border-size:1px;--awb-border-radius:0px;--awb-background-color-front:#00174f;--awb-title-front-color:#d0621f;--awb-text-front-color:#ffffff;\"><div class=\"flip-box-front-inner\"><h2 class=\"flip-box-heading\">EXPLAINAS PREMIUM<\/h2>Hochwertige und individuell illustrierte und animierte Erkl\u00e4rfilme. Von der Idee bis zum finalen Produkt professionell umgesetzt. Unsere Filme haben Rhythmus und ber\u00fchren.<\/div><\/div><div class=\"flip-box-back\" style=\"--awb-border-color:#00174f;--awb-border-size:1px;--awb-border-radius:0px;--awb-background-color-back:#ffffff;--awb-title-back-color:#00174f;--awb-text-back-color:#00174f;\"><div class=\"flip-box-back-inner\"><h3 class=\"flip-box-heading-back\">EXPLAINAS PREMIUM<\/h3>\n<p>Wir bebildern nicht nur die Idee unserer Kunden \u2013 wir nutzen unsere mehrschichtigen Perspektiven, Erz\u00e4hlebenen in Bild und Ton sowie verschiedenste Techniken, um einen dichten Erz\u00e4hlrhythmus zu schaffen.<br \/>\nUnd das seit 2011 als einer der ersten Anbieter am Markt.<\/p>\n<div class=\"fusion-button-wrapper\"><a class=\"fusion-button button-flat button-large button-custom fusion-button-default button-1 fusion-button-default-span \" style=\"--button_accent_color:#fff;--button_accent_hover_color:#fff;--button_border_hover_color:#fff;--button_border_width-top:0px;--button_border_width-right:0px;--button_border_width-bottom:0px;--button_border_width-left:0px;--button_gradient_top_color:#d0621f;--button_gradient_bottom_color:#d0621f;--button_gradient_top_color_hover:#d0621f;--button_gradient_bottom_color_hover:#d0621f;\" target=\"_blank\" rel=\"noopener noreferrer\" href=\"\/anfrage-kontakt\/\"><span class=\"fusion-button-text awb-button__text awb-button__text--default\">Kontaktieren Sie uns<\/span><\/a><\/div>\n<\/div><\/div><\/div><\/div><\/div><div class=\"fusion-flip-box-wrapper fusion-column col-lg-4 col-md-4 col-sm-4\"><div class=\"fusion-flip-box flip-right\" tabindex=\"0\"><div class=\"flip-box-inner-wrapper\"><div class=\"flip-box-front\" style=\"--awb-border-color:#00174f;--awb-border-size:1px;--awb-border-radius:0px;--awb-background-color-front:#00174f;--awb-title-front-color:#d0621f;--awb-text-front-color:#ffffff;\"><div class=\"flip-box-front-inner\"><h2 class=\"flip-box-heading\">EXPLAINAS Rapid Sketch<\/h2>Kurze, aussagekr\u00e4ftige Erkl\u00e4rfilme \u2013 zeitgem\u00e4\u00df umgesetzt, mit einer Prise Humor sind sie gerade deshalb wirkungsvoll. Komplexit\u00e4tsreduziert zielen diese Filme auch ohne Ton konzentriert auf die visuelle Wahrnehmung.<\/div><\/div><div class=\"flip-box-back\" style=\"--awb-border-color:#00174f;--awb-border-size:1px;--awb-border-radius:0px;--awb-background-color-back:#ffffff;--awb-title-back-color:#00174f;--awb-text-back-color:#00174f;\"><div class=\"flip-box-back-inner\"><h3 class=\"flip-box-heading-back\">EXPLAINAS Rapid Sketch<\/h3>\n<p>Ein EXPLAINAS-Erkl\u00e4rfilm ist immer das Ergebnis einer intensiven Zusammenarbeit \u2028zwischen Ihnen und uns. Gemeinsam entwickeln wir den Film und mit direkten Feedbackschleifen steuern wir die Produktion bestm\u00f6glich.<br \/>\nSie bekommen eine finanzierbare L\u00f6sung f\u00fcr einen individuellen Erkl\u00e4rfilm.<\/p>\n<div class=\"fusion-button-wrapper\"><a class=\"fusion-button button-flat button-large button-custom fusion-button-default button-2 fusion-button-default-span \" style=\"--button_accent_color:#fff;--button_accent_hover_color:#fff;--button_border_hover_color:#fff;--button_border_width-top:0px;--button_border_width-right:0px;--button_border_width-bottom:0px;--button_border_width-left:0px;--button_gradient_top_color:#d0621f;--button_gradient_bottom_color:#d0621f;--button_gradient_top_color_hover:#d0621f;--button_gradient_bottom_color_hover:#d0621f;\" target=\"_blank\" rel=\"noopener noreferrer\" href=\"\/anfrage-kontakt\/\"><span class=\"fusion-button-text awb-button__text awb-button__text--default\">Hier geht es zur Anfrage<\/span><\/a><\/div>\n<\/div><\/div><\/div><\/div><\/div><div class=\"fusion-flip-box-wrapper fusion-column col-lg-4 col-md-4 col-sm-4\"><div class=\"fusion-flip-box flip-right\" tabindex=\"0\"><div class=\"flip-box-inner-wrapper\"><div class=\"flip-box-front\" style=\"--awb-border-color:#00174f;--awb-border-size:1px;--awb-border-radius:0px;--awb-background-color-front:#00174f;--awb-title-front-color:#d0621f;--awb-text-front-color:#ffffff;\"><div class=\"flip-box-front-inner\"><h2 class=\"flip-box-heading\">EXPLAINAS Flexible<\/h2>Wir sind f\u00fcr alles offen und k\u00f6nnen dank unseres gro\u00dfen Teams von Visualisierungsexperten auf viele Anfragen individuell eingehen. Wir schaffen maximalen \u201eImpact\u201c Ihrer Kommunikationsziele durch Filme, die \u00fcberzeugen.<\/div><\/div><div class=\"flip-box-back\" style=\"--awb-border-color:#00174f;--awb-border-size:1px;--awb-border-radius:0px;--awb-background-color-back:#ffffff;--awb-title-back-color:#00174f;--awb-text-back-color:#00174f;\"><div class=\"flip-box-back-inner\"><h3 class=\"flip-box-heading-back\">EXPLAINAS Flexible<\/h3>\n<p>Wir fokussieren auf Inhalte und geben aufkommenden Bed\u00fcrfnissen und Anpassungen Raum. Stets wirkt das Zusammenspiel von Story (erz\u00e4hlender Stimme, dem Voice-over) und bewegten Bildern (passend zur Story gezeichnet). Die Individualit\u00e4t macht unsere Filme zu etwas besonderen.<\/p>\n<div class=\"fusion-button-wrapper\"><a class=\"fusion-button button-flat button-large button-custom fusion-button-default button-3 fusion-button-default-span \" style=\"--button_accent_color:#fff;--button_accent_hover_color:#fff;--button_border_hover_color:#fff;--button_border_width-top:0px;--button_border_width-right:0px;--button_border_width-bottom:0px;--button_border_width-left:0px;--button_gradient_top_color:#d0621f;--button_gradient_bottom_color:#d0621f;--button_gradient_top_color_hover:#d0621f;--button_gradient_bottom_color_hover:#d0621f;\" target=\"_blank\" rel=\"noopener noreferrer\" href=\"\/anfrage-kontakt\/\"><span class=\"fusion-button-text awb-button__text awb-button__text--default\">Wir beraten sie gerne<\/span><\/a><\/div>\n<\/div><\/div><\/div><\/div><\/div><\/div><div class=\"clearfix\"><\/div><\/div><\/div><div class=\"fusion-clearfix\"><\/div><\/div><\/div><div class=\"fusion-layout-column fusion_builder_column fusion-builder-column-2 fusion_builder_column_1_1 1_1 fusion-one-full fusion-column-first fusion-column-last\" style=\"--awb-padding-top:40px;--awb-padding-bottom:0px;--awb-bg-size:cover;--awb-margin-bottom:0px;\"><div class=\"fusion-column-wrapper fusion-flex-column-wrapper-legacy\"><div class=\"fusion-text fusion-text-2\" style=\"--awb-text-transform:none;\"><h2 style=\"text-align: center;\"><a style=\"color: #00174f;\" href=\"\/de\/unternehmen\/galerie\">Sehen Sie in der Galerie die<br \/>\nErkl\u00e4rvideo-Vielfalt von Explainas<\/a><\/h2>\n<h3 style=\"text-align: center;\"><a href=\"\/de\/unternehmen\/galerie\"><img decoding=\"async\" class=\"aligncenter size-full wp-image-5259\" src=\"http:\/\/explainas.com\/wp-content\/uploads\/2018\/05\/mehr-plus-button.png\" alt=\"\" width=\"128\" height=\"128\" srcset=\"https:\/\/explainas.com\/wp-content\/uploads\/2018\/05\/mehr-plus-button-66x66.png 66w, https:\/\/explainas.com\/wp-content\/uploads\/2018\/05\/mehr-plus-button.png 86w\" sizes=\"(max-width: 128px) 100vw, 128px\" \/><\/a><\/h3>\n<\/div><div class=\"fusion-clearfix\"><\/div><\/div><\/div><\/div><\/div>\n","protected":false},"excerpt":{"rendered":"","protected":false},"author":2,"featured_media":0,"parent":0,"menu_order":0,"comment_status":"closed","ping_status":"closed","template":"100-width.php","meta":{"footnotes":""},"class_list":["post-5135","page","type-page","status-publish","hentry"],"_links":{"self":[{"href":"https:\/\/explainas.com\/de\/wp-json\/wp\/v2\/pages\/5135","targetHints":{"allow":["GET"]}}],"collection":[{"href":"https:\/\/explainas.com\/de\/wp-json\/wp\/v2\/pages"}],"about":[{"href":"https:\/\/explainas.com\/de\/wp-json\/wp\/v2\/types\/page"}],"author":[{"embeddable":true,"href":"https:\/\/explainas.com\/de\/wp-json\/wp\/v2\/users\/2"}],"replies":[{"embeddable":true,"href":"https:\/\/explainas.com\/de\/wp-json\/wp\/v2\/comments?post=5135"}],"version-history":[{"count":37,"href":"https:\/\/explainas.com\/de\/wp-json\/wp\/v2\/pages\/5135\/revisions"}],"predecessor-version":[{"id":6077,"href":"https:\/\/explainas.com\/de\/wp-json\/wp\/v2\/pages\/5135\/revisions\/6077"}],"wp:attachment":[{"href":"https:\/\/explainas.com\/de\/wp-json\/wp\/v2\/media?parent=5135"}],"curies":[{"name":"wp","href":"https:\/\/api.w.org\/{rel}","templated":true}]}}