{"id":5161,"date":"2017-11-25T12:21:34","date_gmt":"2017-11-25T11:21:34","guid":{"rendered":"http:\/\/explainas.com\/?page_id=5161"},"modified":"2021-01-27T15:07:51","modified_gmt":"2021-01-27T14:07:51","slug":"elearning","status":"publish","type":"page","link":"https:\/\/explainas.com\/de\/einsatzgebiete-erklaerfilm\/elearning\/","title":{"rendered":"E-Learning Erkl\u00e4rvideo"},"content":{"rendered":"<p><div class=\"fusion-fullwidth fullwidth-box fusion-builder-row-1 nonhundred-percent-fullwidth non-hundred-percent-height-scrolling\" style=\"--awb-border-radius-top-left:0px;--awb-border-radius-top-right:0px;--awb-border-radius-bottom-right:0px;--awb-border-radius-bottom-left:0px;--awb-flex-wrap:wrap;\" id=\"einsatzgebiete-einzeln\" ><div class=\"fusion-builder-row fusion-row\"><div class=\"fusion-layout-column fusion_builder_column fusion-builder-column-0 fusion_builder_column_1_1 1_1 fusion-one-full fusion-column-first fusion-column-last\" style=\"--awb-bg-size:cover;--awb-margin-bottom:20px;\"><div class=\"fusion-column-wrapper fusion-flex-column-wrapper-legacy\"><div class=\"fusion-title title fusion-title-1 fusion-sep-none fusion-title-text fusion-title-size-one\" style=\"--awb-margin-top-small:0px;--awb-margin-right-small:0px;--awb-margin-bottom-small:20px;--awb-margin-left-small:0px;\"><h1 class=\"fusion-title-heading title-heading-left fusion-responsive-typography-calculated\" style=\"margin:0;--fontSize:39;line-height:1.40;\"><h1 style=\"text-align: center;\">Einsatzgebiete: E-Learning Erkl\u00e4rvideo<\/h1>\n<h3 style=\"text-align: center;\">Wir zeigen Einsatz in vielen Branchen<\/h3><\/h1><\/div><div class=\"fusion-clearfix\"><\/div><\/div><\/div><div class=\"fusion-layout-column fusion_builder_column fusion-builder-column-1 fusion_builder_column_3_5 3_5 fusion-three-fifth fusion-column-first\" style=\"--awb-bg-color:#ffffff;--awb-bg-color-hover:#ffffff;--awb-bg-size:cover;--awb-margin-bottom:20px;width:60%;width:calc(60% - ( ( 4% ) * 0.6 ) );margin-right: 4%;\"><div class=\"fusion-column-wrapper fusion-flex-column-wrapper-legacy\"><div class=\"fusion-content-boxes content-boxes columns row fusion-columns-1 fusion-columns-total-1 fusion-content-boxes-1 content-boxes-icon-on-side content-left\" style=\"--awb-body-color:#000000;--awb-title-color:#000000;--awb-hover-accent-color:#000000;--awb-circle-hover-accent-color:#000000;--awb-item-margin-bottom:40px;\" data-animationOffset=\"top-into-view\"><div style=\"--awb-backgroundcolor:rgba(255,255,255,0);--awb-content-padding-left:148px;\" class=\"fusion-column content-box-column content-box-column content-box-column-1 col-lg-12 col-md-12 col-sm-12 fusion-content-box-hover content-box-column-last content-box-column-last-in-row\"><div class=\"col content-box-wrapper content-wrapper link-area-link-icon icon-hover-animation-fade\" data-animationOffset=\"top-into-view\"><div class=\"heading heading-with-icon icon-left\"><div aria-hidden=\"true\" class=\"image\"><img decoding=\"async\" src=\"http:\/\/explainas.com\/wp-content\/uploads\/2018\/05\/e-learning-icon.png\" width=\"128\" height=\"128\" alt=\"\" \/><\/div><h2 class=\"content-box-heading fusion-responsive-typography-calculated\" style=\"--h2_typography-font-size:24px;--fontSize:24;line-height:1.40;padding-left:148px;\">E-Learning<\/h2><\/div><div class=\"fusion-clearfix\"><\/div><div class=\"content-container\">\n<p>Lernen leicht gemacht und das zeitunabh\u00e4ngig und flexibel &#8211; das ist das Ziel von Erkl\u00e4rfilmen im E-Learning Bereich. Komplexe Themen verst\u00e4ndlich vermitteln und das ganze mit Freude und Motivation verbinden, ist hier die besondere Herausforderung.<\/p>\n<\/div><\/div><\/div><div class=\"fusion-clearfix\"><\/div><\/div><div class=\"fusion-clearfix\"><\/div><\/div><\/div><div class=\"fusion-layout-column fusion_builder_column fusion-builder-column-2 fusion_builder_column_2_5 2_5 fusion-two-fifth fusion-column-last\" style=\"--awb-bg-size:cover;--awb-margin-bottom:20px;width:40%;width:calc(40% - ( ( 4% ) * 0.4 ) );\"><div class=\"fusion-column-wrapper fusion-flex-column-wrapper-legacy\"><div class=\"fusion-slider-sc fusion-flexslider-loading flexslider flexslider-hover-type-none\" data-slideshow_autoplay=\"1\" data-slideshow_smooth_height=\"1\" data-slideshow_speed=\"7000\" style=\"max-width:100%;height:100%;\"><ul class=\"slides\"><li class=\"image\"><span class=\"fusion-image-hover-element hover-type-none\"><img decoding=\"async\" src=\"http:\/\/explainas.com\/wp-content\/uploads\/2018\/06\/Infotrainment_MagenDarm_01-300x169.jpeg\" \/><\/span><\/li><li class=\"image\"><span class=\"fusion-image-hover-element hover-type-none\"><img decoding=\"async\" src=\"http:\/\/explainas.com\/wp-content\/uploads\/2018\/06\/Infotrainment_MagenDarm_02-300x169.jpeg\" \/><\/span><\/li><\/ul><\/div><div class=\"fusion-text fusion-text-1 einsatzgebiete home-video-headings\"><h4 style=\"text-align: center;\"><span class=\"schrift-regular\" style=\"color: #ffffff;\">EXPLAINAS Flexible<\/span><br \/>\n<strong><span style=\"color: #ffffff;\">E-Learning<\/span><\/strong><\/h4>\n<\/div><div class=\"fusion-clearfix\"><\/div><\/div><\/div><div class=\"fusion-layout-column fusion_builder_column fusion-builder-column-3 fusion_builder_column_1_1 1_1 fusion-one-full fusion-column-first fusion-column-last\" style=\"--awb-bg-size:cover;--awb-margin-bottom:20px;\"><div class=\"fusion-column-wrapper fusion-flex-column-wrapper-legacy\"><div class=\"fusion-sep-clear\"><\/div><div class=\"fusion-separator fusion-full-width-sep\" style=\"margin-left: auto;margin-right: auto;margin-top:50px;margin-bottom:0px;width:100%;\"><div class=\"fusion-separator-border sep-single sep-solid\" style=\"--awb-height:20px;--awb-amount:20px;--awb-sep-color:#c6c6c6;border-color:#c6c6c6;border-top-width:1px;\"><\/div><\/div><div class=\"fusion-sep-clear\"><\/div><div class=\"fusion-clearfix\"><\/div><\/div><\/div><\/div><\/div><div class=\"fusion-fullwidth fullwidth-box fusion-builder-row-2 nonhundred-percent-fullwidth non-hundred-percent-height-scrolling\" style=\"--awb-border-radius-top-left:0px;--awb-border-radius-top-right:0px;--awb-border-radius-bottom-right:0px;--awb-border-radius-bottom-left:0px;--awb-padding-top:60px;--awb-padding-bottom:60px;--awb-margin-bottom:50px;--awb-flex-wrap:wrap;\" id=\"einsatzgebiete-icons\" ><div class=\"fusion-builder-row fusion-row\"><div class=\"fusion-layout-column fusion_builder_column fusion-builder-column-4 fusion_builder_column_1_3 1_3 fusion-one-third fusion-column-first\" style=\"--awb-bg-size:cover;--awb-margin-bottom:100px;width:33.333333333333%;width:calc(33.333333333333% - ( ( 4% + 4% ) * 0.33333333333333 ) );margin-right: 4%;\"><div class=\"fusion-column-wrapper fusion-flex-column-wrapper-legacy\"><div class=\"fusion-text fusion-text-2\"><p style=\"text-align: center;\"><a href=\"\/de\/einsatzgebiete-erklaerfilm\/klassischer-erklaerfilm\"><img decoding=\"async\" class=\"aligncenter size-full wp-image-5276\" src=\"http:\/\/explainas.com\/wp-content\/uploads\/2018\/05\/interne-kommunikation-icon.png\" alt=\"\" width=\"128\" height=\"128\" srcset=\"https:\/\/explainas.com\/wp-content\/uploads\/2018\/05\/interne-kommunikation-icon-66x66.png 66w, https:\/\/explainas.com\/wp-content\/uploads\/2018\/05\/interne-kommunikation-icon.png 128w\" sizes=\"(max-width: 128px) 100vw, 128px\" \/><\/a><\/p>\n<h3 style=\"text-align: center;\"><a style=\"color: #00174f;\" href=\"\/de\/einsatzgebiete-erklaerfilm\/klassischer-erklaerfilm\">Klassischer Erkl\u00e4rfilm<\/a><\/h3>\n<\/div><div class=\"fusion-clearfix\"><\/div><\/div><\/div><div class=\"fusion-layout-column fusion_builder_column fusion-builder-column-5 fusion_builder_column_1_3 1_3 fusion-one-third\" style=\"--awb-bg-size:cover;--awb-margin-bottom:100px;width:33.333333333333%;width:calc(33.333333333333% - ( ( 4% + 4% ) * 0.33333333333333 ) );margin-right: 4%;\"><div class=\"fusion-column-wrapper fusion-flex-column-wrapper-legacy\"><div class=\"fusion-text fusion-text-3\"><p style=\"text-align: center;\"><a href=\"\/de\/einsatzgebiete-erklaerfilm\/veraenderung-und-strategie\"><img decoding=\"async\" class=\"aligncenter wp-image-5279 size-full\" src=\"http:\/\/explainas.com\/wp-content\/uploads\/2018\/05\/veraenderung-strategie-icon.png\" alt=\"\" width=\"128\" height=\"128\" srcset=\"https:\/\/explainas.com\/wp-content\/uploads\/2018\/05\/veraenderung-strategie-icon-66x66.png 66w, https:\/\/explainas.com\/wp-content\/uploads\/2018\/05\/veraenderung-strategie-icon.png 128w\" sizes=\"(max-width: 128px) 100vw, 128px\" \/><\/a><\/p>\n<h3 style=\"text-align: center;\"><a style=\"color: #00174f;\" href=\"\/de\/einsatzgebiete-erklaerfilm\/veraenderung-und-strategie\">Ver\u00e4nderung und Strategie<\/a><\/h3>\n<\/div><div class=\"fusion-clearfix\"><\/div><\/div><\/div><div class=\"fusion-layout-column fusion_builder_column fusion-builder-column-6 fusion_builder_column_1_3 1_3 fusion-one-third fusion-column-last\" style=\"--awb-bg-size:cover;--awb-margin-bottom:100px;width:33.333333333333%;width:calc(33.333333333333% - ( ( 4% + 4% ) * 0.33333333333333 ) );\"><div class=\"fusion-column-wrapper fusion-flex-column-wrapper-legacy\"><div class=\"fusion-text fusion-text-4\"><p style=\"text-align: center;\"><a href=\"\/de\/einsatzgebiete-erklaerfilm\/praesentationen-und-messen\"><img decoding=\"async\" class=\"aligncenter wp-image-5279 size-full\" src=\"\/wp-content\/uploads\/2018\/05\/praesentationen-messen-icon.png\" alt=\"\" width=\"128\" height=\"128\" \/><\/a><\/p>\n<h3 style=\"text-align: center;\"><a style=\"color: #00174f;\" href=\"\/de\/einsatzgebiete-erklaerfilm\/praesentationen-und-messen\">Pr\u00e4sentationen und Messen<\/a><\/h3>\n<\/div><div class=\"fusion-clearfix\"><\/div><\/div><\/div><div class=\"fusion-layout-column fusion_builder_column fusion-builder-column-7 fusion_builder_column_1_3 1_3 fusion-one-third fusion-column-first home-vieo-heading-row\" style=\"--awb-bg-size:cover;--awb-margin-bottom:100px;width:33.333333333333%;width:calc(33.333333333333% - ( ( 4% + 4% ) * 0.33333333333333 ) );margin-right: 4%;\"><div class=\"fusion-column-wrapper fusion-flex-column-wrapper-legacy\"><div class=\"fusion-column-content-centered\"><div class=\"fusion-column-content\"><div class=\"fusion-text fusion-text-5\"><p style=\"text-align: center;\"><a href=\"\/de\/einsatzgebiete-erklaerfilm\/websites-und-social-media\"><img decoding=\"async\" class=\"aligncenter wp-image-5279 size-full\" src=\"\/wp-content\/uploads\/2018\/05\/websites-social-media-icon.png\" alt=\"\" width=\"128\" height=\"128\" \/><\/a><\/p>\n<h3 style=\"text-align: center;\"><a style=\"color: #00174f;\" href=\"\/de\/einsatzgebiete-erklaerfilm\/websites-und-social-media\">Websites und Social Media<\/a><\/h3>\n<\/div><\/div><\/div><div class=\"fusion-clearfix\"><\/div><\/div><\/div><div class=\"fusion-layout-column fusion_builder_column fusion-builder-column-8 fusion_builder_column_1_3 1_3 fusion-one-third home-vieo-heading-row\" style=\"--awb-bg-size:cover;--awb-margin-bottom:100px;width:33.333333333333%;width:calc(33.333333333333% - ( ( 4% + 4% ) * 0.33333333333333 ) );margin-right: 4%;\"><div class=\"fusion-column-wrapper fusion-flex-column-wrapper-legacy\"><div class=\"fusion-column-content-centered\"><div class=\"fusion-column-content\"><div class=\"fusion-text fusion-text-6\"><p style=\"text-align: center;\"><a href=\"\/de\/einsatzgebiete-erklaerfilm\/produkt-und-marketing\"><img decoding=\"async\" class=\"aligncenter wp-image-5279 size-full\" src=\"\/wp-content\/uploads\/2018\/05\/produkt-marketing-icon.png\" alt=\"\" width=\"128\" height=\"128\" \/><\/a><\/p>\n<h3 style=\"text-align: center;\"><a style=\"color: #00174f;\" href=\"\/de\/einsatzgebiete-erklaerfilm\/produkt-und-marketing\">Produkt und Marketing<\/a><\/h3>\n<\/div><\/div><\/div><div class=\"fusion-clearfix\"><\/div><\/div><\/div><div class=\"fusion-layout-column fusion_builder_column fusion-builder-column-9 fusion_builder_column_1_3 1_3 fusion-one-third fusion-column-last home-vieo-heading-row\" style=\"--awb-bg-size:cover;--awb-margin-bottom:100px;width:33.333333333333%;width:calc(33.333333333333% - ( ( 4% + 4% ) * 0.33333333333333 ) );\"><div class=\"fusion-column-wrapper fusion-flex-column-wrapper-legacy\"><div class=\"fusion-column-content-centered\"><div class=\"fusion-column-content\"><div class=\"fusion-text fusion-text-7\"><p style=\"text-align: center;\"><a href=\"\/de\/einsatzgebiete-erklaerfilm\/vortraege-und-training\"><img decoding=\"async\" class=\"aligncenter wp-image-5279 size-full\" src=\"\/wp-content\/uploads\/2018\/05\/vortraege-training-icon.png\" alt=\"\" width=\"128\" height=\"128\" \/><\/a><\/p>\n<h3 style=\"text-align: center;\"><a style=\"color: #00174f;\" href=\"\/de\/einsatzgebiete-erklaerfilm\/vortraege-und-training\">Vortr\u00e4ge und Training<\/a><\/h3>\n<\/div><\/div><\/div><div class=\"fusion-clearfix\"><\/div><\/div><\/div><div class=\"fusion-layout-column fusion_builder_column fusion-builder-column-10 fusion_builder_column_1_3 1_3 fusion-one-third fusion-column-first home-vieo-heading-row\" style=\"--awb-bg-size:cover;--awb-margin-bottom:100px;width:33.333333333333%;width:calc(33.333333333333% - ( ( 4% ) * 0.33333333333333 ) );margin-right: 4%;\"><div class=\"fusion-column-wrapper fusion-flex-column-wrapper-legacy\"><div class=\"fusion-column-content-centered\"><div class=\"fusion-column-content\"><div class=\"fusion-text fusion-text-8\"><p style=\"text-align: center;\"><a href=\"\/de\/einsatzgebiete-erklaerfilm\/imagefilm\"><img decoding=\"async\" class=\"aligncenter wp-image-5279 size-full\" src=\"\/wp-content\/uploads\/2018\/05\/imagefilm-icon.png\" alt=\"\" width=\"128\" height=\"128\" \/><\/a><\/p>\n<h3 style=\"text-align: center;\"><a style=\"color: #00174f;\" href=\"\/de\/einsatzgebiete-erklaerfilm\/imagefilm\">Imagefilm<\/a><\/h3>\n<\/div><\/div><\/div><div class=\"fusion-clearfix\"><\/div><\/div><\/div><div class=\"fusion-layout-column fusion_builder_column fusion-builder-column-11 fusion_builder_column_1_3 1_3 fusion-one-third fusion-column-last home-vieo-heading-row\" style=\"--awb-bg-size:cover;--awb-margin-bottom:100px;width:33.333333333333%;width:calc(33.333333333333% - ( ( 4% ) * 0.33333333333333 ) );\"><div class=\"fusion-column-wrapper fusion-flex-column-wrapper-legacy\"><div class=\"fusion-column-content-centered\"><div class=\"fusion-column-content\"><div class=\"fusion-text fusion-text-9\"><p style=\"text-align: center;\"><a href=\"\/de\/einsatzgebiete-erklaerfilm\/kultur-und-gesellschaft\"><img decoding=\"async\" class=\"aligncenter wp-image-5764 size-full\" src=\"https:\/\/explainas.com\/wp-content\/uploads\/2019\/02\/kultur-gesellschaft-icon.png\" alt=\"\" width=\"128\" height=\"128\" \/><\/a><\/p>\n<h3 style=\"text-align: center;\"><a style=\"color: #00174f;\" href=\"\/de\/einsatzgebiete-erklaerfilm\/kultur-und-gesellschaft\">Kultur und Gesellschaft<\/a><\/h3>\n<\/div><\/div><\/div><div class=\"fusion-clearfix\"><\/div><\/div><\/div><\/div><\/div><\/p>\n","protected":false},"excerpt":{"rendered":"","protected":false},"author":2,"featured_media":0,"parent":5137,"menu_order":0,"comment_status":"closed","ping_status":"closed","template":"100-width.php","meta":{"footnotes":""},"class_list":["post-5161","page","type-page","status-publish","hentry"],"_links":{"self":[{"href":"https:\/\/explainas.com\/de\/wp-json\/wp\/v2\/pages\/5161","targetHints":{"allow":["GET"]}}],"collection":[{"href":"https:\/\/explainas.com\/de\/wp-json\/wp\/v2\/pages"}],"about":[{"href":"https:\/\/explainas.com\/de\/wp-json\/wp\/v2\/types\/page"}],"author":[{"embeddable":true,"href":"https:\/\/explainas.com\/de\/wp-json\/wp\/v2\/users\/2"}],"replies":[{"embeddable":true,"href":"https:\/\/explainas.com\/de\/wp-json\/wp\/v2\/comments?post=5161"}],"version-history":[{"count":18,"href":"https:\/\/explainas.com\/de\/wp-json\/wp\/v2\/pages\/5161\/revisions"}],"predecessor-version":[{"id":6011,"href":"https:\/\/explainas.com\/de\/wp-json\/wp\/v2\/pages\/5161\/revisions\/6011"}],"up":[{"embeddable":true,"href":"https:\/\/explainas.com\/de\/wp-json\/wp\/v2\/pages\/5137"}],"wp:attachment":[{"href":"https:\/\/explainas.com\/de\/wp-json\/wp\/v2\/media?parent=5161"}],"curies":[{"name":"wp","href":"https:\/\/api.w.org\/{rel}","templated":true}]}}