{"id":774,"date":"2017-06-22T00:49:32","date_gmt":"2017-06-21T22:49:32","guid":{"rendered":"http:\/\/integralfacilitation.de\/?page_id=774"},"modified":"2021-01-27T11:49:40","modified_gmt":"2021-01-27T10:49:40","slug":"kunden","status":"publish","type":"page","link":"https:\/\/explainas.com\/de\/kunden\/","title":{"rendered":"Kunden"},"content":{"rendered":"<div class=\"fusion-fullwidth fullwidth-box fusion-builder-row-1 nonhundred-percent-fullwidth non-hundred-percent-height-scrolling\" style=\"--awb-border-radius-top-left:0px;--awb-border-radius-top-right:0px;--awb-border-radius-bottom-right:0px;--awb-border-radius-bottom-left:0px;--awb-flex-wrap:wrap;\" ><div class=\"fusion-builder-row fusion-row\"><div class=\"fusion-layout-column fusion_builder_column fusion-builder-column-0 fusion_builder_column_1_1 1_1 fusion-one-full fusion-column-first fusion-column-last\" style=\"--awb-bg-size:cover;--awb-margin-bottom:40px;\"><div class=\"fusion-column-wrapper fusion-flex-column-wrapper-legacy\"><div class=\"fusion-title title fusion-title-1 fusion-sep-none fusion-title-center fusion-title-text fusion-title-size-one\" style=\"--awb-margin-bottom:50px;--awb-margin-top-small:0px;--awb-margin-right-small:0px;--awb-margin-bottom-small:20px;--awb-margin-left-small:0px;\"><h1 class=\"fusion-title-heading title-heading-center fusion-responsive-typography-calculated\" style=\"margin:0;--fontSize:39;line-height:1.40;\"><h1>Erkl\u00e4rfilm Referenzen \u2013 eine Auswahl<\/h1>\n<h3>\u201eWe are hired to bring novelty into the industry\u201d<\/h3><\/h1><\/div><div class=\"fusion-image-element in-legacy-container\" style=\"--awb-caption-title-font-family:var(--h2_typography-font-family);--awb-caption-title-font-weight:var(--h2_typography-font-weight);--awb-caption-title-font-style:var(--h2_typography-font-style);--awb-caption-title-size:var(--h2_typography-font-size);--awb-caption-title-transform:var(--h2_typography-text-transform);--awb-caption-title-line-height:var(--h2_typography-line-height);--awb-caption-title-letter-spacing:var(--h2_typography-letter-spacing);\"><span class=\" fusion-imageframe imageframe-none imageframe-1 hover-type-none\"><img decoding=\"async\" width=\"1024\" height=\"383\" title=\"Kundenlogos 20170905\" src=\"https:\/\/explainas.com\/wp-content\/uploads\/2020\/05\/Kundenlogos-20200519_72dpi-1024x383.jpg\" alt class=\"img-responsive wp-image-5944\" srcset=\"https:\/\/explainas.com\/wp-content\/uploads\/2020\/05\/Kundenlogos-20200519_72dpi-200x75.jpg 200w, https:\/\/explainas.com\/wp-content\/uploads\/2020\/05\/Kundenlogos-20200519_72dpi-400x149.jpg 400w, https:\/\/explainas.com\/wp-content\/uploads\/2020\/05\/Kundenlogos-20200519_72dpi-600x224.jpg 600w, https:\/\/explainas.com\/wp-content\/uploads\/2020\/05\/Kundenlogos-20200519_72dpi-800x299.jpg 800w, https:\/\/explainas.com\/wp-content\/uploads\/2020\/05\/Kundenlogos-20200519_72dpi-1200x448.jpg 1200w\" sizes=\"(max-width: 800px) 100vw, 1200px\" \/><\/span><\/div><div class=\"fusion-sep-clear\"><\/div><div class=\"fusion-separator fusion-full-width-sep\" style=\"margin-left: auto;margin-right: auto;margin-top:15px;margin-bottom:15px;width:100%;\"><\/div><div class=\"fusion-sep-clear\"><\/div><div class=\"fusion-text fusion-text-1\"><p>Zu unseren Kunden geh\u00f6ren zahlreiche Unternehmen aus DAX-30, Fortune-500 und dem Mittelstand, sowie NGOs und Kulturbereichen. Seit 2005 haben wir tausende Projekte abgewickelt, jedes Jahr hunderte Visualisierungen angefertigt, mit dutzenden Facilitators zusammengearbeitet und Events aller Gr\u00f6ssenordnungen global begleitet. Langfristige Kundenbeziehungen sind eine Best\u00e4tigung unseres Ansatzes, unserer Haltung und unseres Verm\u00f6gens auf sich st\u00e4ndig wandelnde Kundenbed\u00fcrfnisse einzugehen. Eine Auswahl unserer Kunden seit 2005:<\/p>\n<\/div><div class=\"fusion-clearfix\"><\/div><\/div><\/div><div class=\"fusion-layout-column fusion_builder_column fusion-builder-column-1 fusion_builder_column_1_3 1_3 fusion-one-third fusion-column-first\" style=\"--awb-bg-size:cover;--awb-margin-bottom:20px;width:33.333333333333%;width:calc(33.333333333333% - ( ( 4% + 4% ) * 0.33333333333333 ) );margin-right: 4%;\"><div class=\"fusion-column-wrapper fusion-flex-column-wrapper-legacy\"><div class=\"fusion-text fusion-text-2\"><p><strong>APPAREL<\/strong><br \/>\nApollo-Optik<br \/>\nHB Schutzkleidung<br \/>\nPeek &amp; Cloppenburg<br \/>\nPUMA SE<br \/>\ns.Oliver<br \/>\nShiseido<br \/>\nSwarovski<br \/>\nZalando<\/p>\n<p><strong>AUTOMOTIVE \/ TRANSPORTATION<\/strong><br \/>\nAir Berlin<br \/>\nAirbus<br \/>\nAudi<br \/>\nBOSCH<br \/>\nBMW<br \/>\nBROSE<br \/>\nBU:ST<br \/>\nB\u00fchnen<br \/>\nDaimler<br \/>\nDeutsche Bahn<br \/>\nEuropcar<br \/>\nFISITA<br \/>\nFraport<br \/>\nKIA Automobiles<br \/>\nKnorr Bremsen<br \/>\nLEONI Kabel<br \/>\nLSG Skychefs<br \/>\nLufthansa<br \/>\nLufthansa Singapore<br \/>\nLufthansa Systems<br \/>\nLufthansa Technik<br \/>\nMAN Truck &amp; Bus AG<br \/>\nMTU<br \/>\np3 automotive<br \/>\nPorsche<br \/>\nVolkswagen<br \/>\nZF Friedrichshafen<\/p>\n<p><strong>FINANCE \/ INSURANCE<\/strong><br \/>\nAareal Bank<br \/>\nAllianz<br \/>\nAllianz Suisse<br \/>\nAOK<br \/>\nAXA<br \/>\nBerliner Sparkasse<br \/>\nBethmann Bank<br \/>\nCardprocess<br \/>\nCommerzbank<br \/>\nCofinpro<br \/>\nDeutsche Post<br \/>\nElaxy<br \/>\nERGO<br \/>\nfigo<br \/>\nGE Capital<br \/>\nHamburger Sparkasse<br \/>\nHannover Re<br \/>\nHanseMerkur<br \/>\nHiscox<br \/>\nHSH Nordbank<br \/>\nIngenico<br \/>\nKFW<br \/>\nLMT Finance &amp; Shared Services<br \/>\nOldenburgische Landesbanken<br \/>\nPioneer Investments<br \/>\nProvinzial Nord Brandkasse<br \/>\nSchwenninger Krankenkasse<br \/>\nSIX Group<br \/>\nSparkassen-Finanzportal<br \/>\nSparkassen-Forum Deutscher Mittelstand<br \/>\nSparkasse S-Institut<br \/>\nUBS<br \/>\nUnfallkasse Nordrhein-Westfalen<br \/>\nUnion Bancaire Priv\u00e9e<br \/>\nUnion Investment Real Estate<br \/>\nVBG gesetzliche Unfallversicherung<br \/>\nVPV<br \/>\nZ\u00fcrich Versicherung<\/p>\n<p><strong>FOOD AND BEVERAGE<\/strong><br \/>\nAlnatura<br \/>\nBahlsen<br \/>\nCarl K\u00fchne<br \/>\nCarlsberg<br \/>\nCoca-Cola Erfrischungsgetr\u00e4nke<br \/>\nEckes-Granini<br \/>\nEMMI<br \/>\nFerrero<br \/>\nFrey Chocolates<br \/>\nMilka<br \/>\nMelitta<br \/>\nMigros<br \/>\nMondelez International<br \/>\nPepsiCo<br \/>\nRed Bull<br \/>\nSchwartau-Corny<br \/>\nTchibo<br \/>\nTetrapak<\/p>\n<p><strong>GOVERNMENT \/ POLITICS<\/strong><br \/>\nBGW Berufsgenossenschaft f\u00fcr Gesundheitsdienst und Wohlfahrtspflege<br \/>\nBundesagentur f\u00fcr Arbeit<br \/>\nBundesamt f\u00fcr Familie und zivilgesellschaftliche Aufgaben<br \/>\nBundeskanzleramt<br \/>\nBundesministerien (zahlreiche)<br \/>\nBundesrepublik Deutschland<br \/>\nBundeszentrale f\u00fcr politische Bildung<br \/>\nCDU<br \/>\nEuropean Commission<br \/>\nFriedrich-Ebert-Stiftung<br \/>\nGerman Marshall Fund of the United States<br \/>\nGIZ<br \/>\nHansestadt Rostock<br \/>\nHeinrich-B\u00f6ll-Stiftung e.V.<br \/>\nHessen Trade &amp; Invest<br \/>\nIndustrie- und Handelskammer (IHK)<br \/>\nKonrad-Adenauer-Stiftung e.V.<br \/>\nLandkreis Giessen<br \/>\nLandwirtschaftsverband Westfalen-Lippe<br \/>\nMinisterium f\u00fcr Soziales und Integration<br \/>\nRat f\u00fcr Nachhaltige Entwicklung<br \/>\nSPD-Bundestagsfraktion<br \/>\nStadt Bottropp<br \/>\nStadt Gladbeck<br \/>\nStadt Karlsruhe<br \/>\nStadt Oldenburg<br \/>\nStadt Wolfsburg<br \/>\nSupreme Committee for Delivery and Legacy Qatar<\/p>\n<p><strong>HOSPITALITY \/ ENTERTAINMENT \/ MEDIA<\/strong><br \/>\nAxel Springer Verlag<br \/>\nBanks Sadler Eventmanagement Agentur<br \/>\nBrandEins<br \/>\nDeutsche Welle<br \/>\nFAMAB Award<br \/>\nfischerAppelt<br \/>\nFunke Medien<br \/>\nHandelsblatt<br \/>\nIDC<br \/>\nMesse Erfurt<br \/>\nNeue Z\u00fcrcher Zeitung<br \/>\nnH Hoteles<br \/>\nRandom House<br \/>\nRed Bull<br \/>\nRTL<br \/>\nStage Entertainment<br \/>\nSturm und Drang<br \/>\nSynchronis Konzept &amp; Kommunikation<br \/>\nTEDx<br \/>\nUpstalsboom<br \/>\nVienna International Hotelmanagement<br \/>\nWhite Label Events<\/p>\n<\/div><div class=\"fusion-clearfix\"><\/div><\/div><\/div><div class=\"fusion-layout-column fusion_builder_column fusion-builder-column-2 fusion_builder_column_1_3 1_3 fusion-one-third\" style=\"--awb-bg-size:cover;--awb-margin-bottom:20px;width:33.333333333333%;width:calc(33.333333333333% - ( ( 4% + 4% ) * 0.33333333333333 ) );margin-right: 4%;\"><div class=\"fusion-column-wrapper fusion-flex-column-wrapper-legacy\"><div class=\"fusion-text fusion-text-3\"><p><strong>EDUCATION<\/strong><br \/>\nBayrische Verwaltungsschule (BVS)<br \/>\nCarl von Ossietzky Universit\u00e4t Oldenburg<br \/>\nCETPM &#8211; Institut an der Hochschule Ansbach<br \/>\nDeutsche Akademie der Technikwissenschaften<br \/>\nEBS Business School<br \/>\nEuropa-Universit\u00e4t Viadrina Frankfurt (Oder)<br \/>\nFachhochschule M\u00fcnster<br \/>\nFachhochschule Nordwestschweiz FHNW<br \/>\nHochschule f\u00fcr Musik und Theater Hamburg<br \/>\nHochschule f\u00fcr Wirtschaft und Recht Berlin<br \/>\nJakobsuniversit\u00e4t Bremen<br \/>\nGoodSchool<br \/>\nHochschul- und Wissenschaftsregion Stuttgart e.V.<br \/>\nLufthansa School of Business<br \/>\nRuhr Uni Bochum<br \/>\nSIETAR<br \/>\nTechnische Universit\u00e4t Braunschweig<br \/>\nTheodor-Sch\u00e4fer-Berufsbildungswerk<br \/>\nT\u00dcV Rheinland Akademie<br \/>\nUniversit\u00e4t der K\u00fcnste Berlin<br \/>\nUniversit\u00e4t Duisburg-Essen<br \/>\nUniversit\u00e4t G\u00f6ttingen<br \/>\nUniversit\u00e4t Hamburg<br \/>\nUniversit\u00e4t Kassel<br \/>\nUniversit\u00e4t L\u00fcneburg<br \/>\nUniversit\u00e4t Stuttgart<br \/>\nVitalSmarts<br \/>\nXU Exponential University of Applied Sciences<\/p>\n<p><strong>ENERGY<\/strong><br \/>\nDENEFF<br \/>\nEngie \/ GDF Suez<br \/>\nFachagentur Windenergie an Land<br \/>\nGreenpeace Energy<br \/>\nNetze BW<br \/>\nOpen Grid Europe<br \/>\nStadtwerke M\u00fcnchen<br \/>\nStatkraft<br \/>\nWasserwerke Leipzig<\/p>\n<p><strong>BIO-TECH \/ PHARMA \/ HEALTHCARE<\/strong><br \/>\nAbbVie<br \/>\nApomaxx<br \/>\nAperto<br \/>\nBausch und Lomb<br \/>\nBeiersdorf<br \/>\nBoehringer Ingelheim<br \/>\nCSL Behring<br \/>\nDr. Kade Pharmaceutical Company &amp; Manufacturers<br \/>\nGlaxo Smith Kline<br \/>\nIFPMA<br \/>\nIPSEN<br \/>\nJanssen Cilag<br \/>\nKlinikverbund S\u00fcdwest<br \/>\nKrankenhaus Halle-Saale<br \/>\nSanofi<br \/>\nSmith &amp; Nephew<br \/>\nSyngenta<br \/>\nTakeda Pharmaceutical<br \/>\nTechniker Krankenkasse<br \/>\nUniper SE<br \/>\nVela Diagnostics<\/p>\n<p><strong>BUSINESS SERVICES<\/strong><br \/>\nAccenture<br \/>\nAdecco<br \/>\nAllen &amp; Overy LLP<br \/>\nAlternus<br \/>\nArthur D. Little<br \/>\nA.T. Kearney<br \/>\nBaker McKenzie<br \/>\nBearingPoint<br \/>\nCapgemini<br \/>\nConMendo<br \/>\nCurages Conference Management<br \/>\nDCI Institute<br \/>\nDeloitte<br \/>\nDeutscher Industrie- und Handelskammertag<br \/>\nDI Unternehmer<br \/>\ndiffferent<br \/>\nDraftfcb<br \/>\ndwif Consulting<br \/>\nEbner Stolz<br \/>\nECE Projektmanagement<br \/>\nElements Switzerland<br \/>\nErnst &amp; Young<br \/>\nEtronixx<br \/>\nEuroforum<br \/>\nFJORD<br \/>\nFleishmanHillard<br \/>\nGesellschaft f\u00fcr soziale Unternehmensberatung<br \/>\nGPM Deutsche Gesellschaft f\u00fcr Projektmanagement e.V.<br \/>\nHaufe-umantis<br \/>\nHauser Lacour<br \/>\nHorv\u00e1th &amp; Partner<br \/>\nICUnet.AG<br \/>\nInforma<br \/>\nJung von Matt<br \/>\nKienbaum<br \/>\nkoelnmesse<br \/>\nKPMG<br \/>\nKrups Consultants<br \/>\nMcKinsey<br \/>\nMediacom<br \/>\nLischke Consulting<br \/>\nManagement Circle<br \/>\nMaschmeyer Group<br \/>\nMetaDesign<br \/>\nOgilvy &amp; Mather<br \/>\np3 OSTO<br \/>\nPhilipp und Keuntje<br \/>\nPorsche Consulting<br \/>\nPublicis Pixelpark<br \/>\nPwC \/\u00a0PwC Strategy&amp;<br \/>\nRamb\u00f8ll Management Consulting<br \/>\nreflecta AG<br \/>\nReinventing Organizations \/ Frederic Laloux<br \/>\nR\u00f6waplan<br \/>\nRoland Berger<br \/>\nRopelius Branding &amp; Design<br \/>\nScript Consult<br \/>\nSEC Consult<br \/>\nSinner-Schrader<br \/>\nSwiss Economic Forum<br \/>\nSynnecta<br \/>\nThoughtWorks<br \/>\nTWBA<br \/>\nVOK DAMS.Events<br \/>\nWhite &amp; Case LLP<br \/>\nXING<\/p>\n<p><strong>CONSUMER GOODS<\/strong><br \/>\nPascoe<br \/>\nHagebau<br \/>\nKiddy<br \/>\nNIVEA<br \/>\nOTTO<br \/>\nProcter &amp; Gamble<br \/>\nSoennecken<br \/>\nTupperware<br \/>\nWELLA<\/p>\n<\/div><div class=\"fusion-clearfix\"><\/div><\/div><\/div><div class=\"fusion-layout-column fusion_builder_column fusion-builder-column-3 fusion_builder_column_1_3 1_3 fusion-one-third fusion-column-last\" style=\"--awb-bg-size:cover;--awb-margin-bottom:20px;width:33.333333333333%;width:calc(33.333333333333% - ( ( 4% + 4% ) * 0.33333333333333 ) );\"><div class=\"fusion-column-wrapper fusion-flex-column-wrapper-legacy\"><div class=\"fusion-text fusion-text-4\"><p><strong>INDUSTRIAL MANUFACTURING AND CHEMICALS<\/strong><br \/>\nBASF<br \/>\nBE Printers<br \/>\nBecker International<br \/>\nBerlin Chemie<br \/>\nBOSCH<br \/>\nB\u00fcrkert Fluid Control Systems<br \/>\nEndress und Hauser<br \/>\nERNI Electronics<br \/>\nEvonik Industries<br \/>\nFesto<br \/>\nFreudenberg<br \/>\nHeraeus<br \/>\nKl\u00f6ckner &amp; Co SE<br \/>\nMiele<br \/>\nPENTAX<br \/>\nPhilips<br \/>\nRehau<br \/>\nSensoPart Industriesensorik<br \/>\nShell Oil<br \/>\nSick<br \/>\nSiemens<br \/>\nStabilus<br \/>\nThyssenkrupp<br \/>\nWagner International<br \/>\nWerhahn<br \/>\nZeiss<br \/>\nZeppelin<br \/>\nZ\u00fcblin<\/p>\n<p><strong>SOCIAL ENTREPRENEURSHIP<\/strong><br \/>\nBildung &amp; Begabung gemeinn\u00fctzige GmbH<br \/>\nneues handeln GmbH<br \/>\nNext Practice Institute<br \/>\nReinventing Organizations \/ Frederic Laloux<br \/>\nVision Summit<\/p>\n<p><strong>LOGISTICS \/ SUPPLY CHAIN<\/strong><br \/>\nALBA Group<br \/>\nContinental<br \/>\nDB Schenker<br \/>\nDHL<br \/>\nDuales System Deutschland<br \/>\nEncory &#8211; Joint Venture of BMW Group and ALBA<br \/>\nGroupFedEx Europe \/ FedEx Middle East \/ FedEx USA<br \/>\nHermes<br \/>\nHouse of Logistics &amp; Mobility (HOLM)<br \/>\nJungheinrich<br \/>\nK\u00fchne Logistics<br \/>\nKUKA Robotics<br \/>\nMigros M-Industrie<br \/>\nMSC Global Container Shipping Company<br \/>\nPacProject<br \/>\nVerein Deutscher Zementwerke e.V.<\/p>\n<p><strong>NOT-FOR-PROFIT<\/strong><br \/>\n3N Kompetenzzentrum Niedersachsen Netzwerk Nachwachsende Rohstoffe und Bio\u00f6konomie e.V.<br \/>\nBertelsmann Stiftung<br \/>\nBosch-Stiftung<br \/>\nBrot f\u00fcr die Welt<br \/>\nDeutsche Zentrale f\u00fcr Tourismus<br \/>\nDiakonie<br \/>\nESPRIX Switzerland<br \/>\nFriedrich-Naumann-Stiftung f\u00fcr die Freiheit<br \/>\nGR\u00dcNE LIGA e.V.<br \/>\nInstitute for Advanced Sustainability Studies (IASS)<br \/>\nSave the Children Deutschland e.V.<br \/>\nVerbraucherzentrale Bundesverband<br \/>\nWHO World Health Organization<br \/>\nWorld Economic Forum<\/p>\n<p><strong>TECHNOLOGY<\/strong><br \/>\n1&amp;1<br \/>\n2bAhead Think Tank<br \/>\nAmazon<br \/>\nAperto<br \/>\nbebro<br \/>\nbeyerdynamic<br \/>\nBitcom<br \/>\nComparex AG<br \/>\nComputacenter<br \/>\nDESY<br \/>\neBay<br \/>\nElaxy<br \/>\nEntServ<br \/>\nEuropean Academy of Technology and Innovation Assessment<br \/>\nFacebook<br \/>\nFirstData<br \/>\nForschungszentrum J\u00fclich<br \/>\nFraunhofer IAO<br \/>\nGoogle<br \/>\nHewlett Packard Enterprise<br \/>\nImmobilienScout<br \/>\nIngenico<br \/>\nIntercom<br \/>\nISG Information Services Group<br \/>\nit-agile GmbH<br \/>\nITERGO Informationstechnologie<br \/>\nKofax<br \/>\nLexmark<br \/>\nMicrosoft<br \/>\nMonster<br \/>\nOracle<br \/>\nPegasystems<br \/>\nPLATO Software Solutions<br \/>\nQuintic<br \/>\nScout24<br \/>\nSalesforce<br \/>\nSennheiser<br \/>\nSiemens<br \/>\nSingularity University<br \/>\nT\u00dcV Nord<br \/>\nUnited Digital Group<br \/>\nVDE \/\u00a0VDI<br \/>\nVolkswagenStiftung<br \/>\nVMware<br \/>\nZalando<br \/>\nZVEI<\/p>\n<p><strong>TELECOMMUNICATIONS<\/strong><br \/>\nStrato<br \/>\nTelekom<br \/>\nT-Systems<br \/>\nUnitymedia<br \/>\nVodafone<\/p>\n<p><strong>SPIRIT \/ CONSCIOUSNESS DEVELOPMENT<\/strong><br \/>\nAcademy of Inner Science<br \/>\nAnnette Kaiser<br \/>\nCelebrate Life Festival<br \/>\nEv. Luth Kirche in Norddeutschland<br \/>\nFemmeQ<br \/>\nIntegral Institute Ken Wilber<br \/>\nIntegral Theory Conference<br \/>\nIntegrales Forum<br \/>\nInstitute for Global Integral Competence<br \/>\nMeridian University<br \/>\nNext Practice Institute<br \/>\nReinventing Organizations \/ Frederic Laloux<br \/>\nSoulpilot<br \/>\nSynergy Forum<\/p>\n<\/div><div class=\"fusion-text fusion-text-5\"><h2>Erkl\u00e4rfilm Referenzen<\/h2>\n<p>Mehr zu unseren Kunden auf <a href=\"http:\/\/www.visualfacilitators.com\" target=\"_blank\" rel=\"noopener\">visualfacilitators.com<\/a><\/p>\n<\/div><div class=\"fusion-clearfix\"><\/div><\/div><\/div><\/div><\/div>\n","protected":false},"excerpt":{"rendered":"","protected":false},"author":1,"featured_media":0,"parent":0,"menu_order":0,"comment_status":"closed","ping_status":"closed","template":"","meta":{"footnotes":""},"class_list":["post-774","page","type-page","status-publish","hentry"],"_links":{"self":[{"href":"https:\/\/explainas.com\/de\/wp-json\/wp\/v2\/pages\/774","targetHints":{"allow":["GET"]}}],"collection":[{"href":"https:\/\/explainas.com\/de\/wp-json\/wp\/v2\/pages"}],"about":[{"href":"https:\/\/explainas.com\/de\/wp-json\/wp\/v2\/types\/page"}],"author":[{"embeddable":true,"href":"https:\/\/explainas.com\/de\/wp-json\/wp\/v2\/users\/1"}],"replies":[{"embeddable":true,"href":"https:\/\/explainas.com\/de\/wp-json\/wp\/v2\/comments?post=774"}],"version-history":[{"count":38,"href":"https:\/\/explainas.com\/de\/wp-json\/wp\/v2\/pages\/774\/revisions"}],"predecessor-version":[{"id":5992,"href":"https:\/\/explainas.com\/de\/wp-json\/wp\/v2\/pages\/774\/revisions\/5992"}],"wp:attachment":[{"href":"https:\/\/explainas.com\/de\/wp-json\/wp\/v2\/media?parent=774"}],"curies":[{"name":"wp","href":"https:\/\/api.w.org\/{rel}","templated":true}]}}