{"id":778,"date":"2017-06-22T00:51:15","date_gmt":"2017-06-21T22:51:15","guid":{"rendered":"http:\/\/integralfacilitation.de\/?page_id=778"},"modified":"2026-02-13T10:55:05","modified_gmt":"2026-02-13T09:55:05","slug":"unternehmen","status":"publish","type":"page","link":"https:\/\/explainas.com\/de\/unternehmen\/","title":{"rendered":"\u00dcber uns &#8211; Erkl\u00e4rvideo Produktion"},"content":{"rendered":"<p><div class=\"fusion-fullwidth fullwidth-box fusion-builder-row-1 nonhundred-percent-fullwidth non-hundred-percent-height-scrolling\" style=\"--awb-border-radius-top-left:0px;--awb-border-radius-top-right:0px;--awb-border-radius-bottom-right:0px;--awb-border-radius-bottom-left:0px;--awb-flex-wrap:wrap;\" ><div class=\"fusion-builder-row fusion-row\"><div class=\"fusion-layout-column fusion_builder_column fusion-builder-column-0 fusion_builder_column_1_1 1_1 fusion-one-full fusion-column-first fusion-column-last\" style=\"--awb-bg-size:cover;--awb-margin-bottom:20px;\"><div class=\"fusion-column-wrapper fusion-flex-column-wrapper-legacy\"><div class=\"fusion-title title fusion-title-1 fusion-sep-none fusion-title-text fusion-title-size-one\" style=\"--awb-margin-top-small:0px;--awb-margin-right-small:0px;--awb-margin-bottom-small:20px;--awb-margin-left-small:0px;\"><h1 class=\"fusion-title-heading title-heading-left fusion-responsive-typography-calculated\" style=\"margin:0;--fontSize:39;line-height:1.40;\"><h1 style=\"text-align: center;\">Erkl\u00e4rvideo Produktion seit 2011!<\/h1>\n<h3 style=\"text-align: center;\">Lange vor dem Anbieter-Boom dieses Mediums&#8230; \u00dcberraschende L\u00f6sungen made by Explainas!<\/h3><\/h1><\/div><div class=\"fusion-sep-clear\"><\/div><div class=\"fusion-separator fusion-full-width-sep\" style=\"margin-left: auto;margin-right: auto;margin-top:30px;margin-bottom:30px;width:100%;\"><div class=\"fusion-separator-border sep-single sep-solid\" style=\"--awb-height:20px;--awb-amount:20px;border-color:#fffcfc;border-top-width:0px;\"><\/div><\/div><div class=\"fusion-sep-clear\"><\/div><div class=\"fusion-image-element fusion-image-align-center in-legacy-container\" style=\"text-align:center;--awb-caption-title-font-family:var(--h2_typography-font-family);--awb-caption-title-font-weight:var(--h2_typography-font-weight);--awb-caption-title-font-style:var(--h2_typography-font-style);--awb-caption-title-size:var(--h2_typography-font-size);--awb-caption-title-transform:var(--h2_typography-text-transform);--awb-caption-title-line-height:var(--h2_typography-line-height);--awb-caption-title-letter-spacing:var(--h2_typography-letter-spacing);\"><div class=\"imageframe-align-center\"><span class=\" fusion-imageframe imageframe-none imageframe-1 hover-type-none\"><img decoding=\"async\" width=\"1280\" height=\"854\" alt=\"Visual Facilitators - Digital Graphic Recording, Strategievisualisierung, Visualisierung von Visionen, Strategien und Ver\u00e4nderungsprozessen\" title=\"Visual Facilitators &#8211; Digital Graphic Recording, Strategievisualisierung, Visualisierung von Visionen, Strategien und Ver\u00e4nderungsprozessen\" src=\"https:\/\/explainas.com\/wp-content\/uploads\/2026\/02\/visual-facilitators-team-work-im-office_20170712-1ver2.jpg\" class=\"img-responsive wp-image-6148\" srcset=\"https:\/\/explainas.com\/wp-content\/uploads\/2026\/02\/visual-facilitators-team-work-im-office_20170712-1ver2-200x133.jpg 200w, https:\/\/explainas.com\/wp-content\/uploads\/2026\/02\/visual-facilitators-team-work-im-office_20170712-1ver2-400x267.jpg 400w, https:\/\/explainas.com\/wp-content\/uploads\/2026\/02\/visual-facilitators-team-work-im-office_20170712-1ver2-600x400.jpg 600w, https:\/\/explainas.com\/wp-content\/uploads\/2026\/02\/visual-facilitators-team-work-im-office_20170712-1ver2-800x534.jpg 800w, https:\/\/explainas.com\/wp-content\/uploads\/2026\/02\/visual-facilitators-team-work-im-office_20170712-1ver2-1200x801.jpg 1200w, https:\/\/explainas.com\/wp-content\/uploads\/2026\/02\/visual-facilitators-team-work-im-office_20170712-1ver2.jpg 1280w\" sizes=\"(max-width: 800px) 100vw, 1200px\" \/><\/span><\/div><\/div><div class=\"fusion-clearfix\"><\/div><\/div><\/div><div class=\"fusion-layout-column fusion_builder_column fusion-builder-column-1 fusion_builder_column_1_3 1_3 fusion-one-third fusion-column-first\" style=\"--awb-bg-size:cover;--awb-margin-bottom:20px;width:33.333333333333%;width:calc(33.333333333333% - ( ( 4% + 4% ) * 0.33333333333333 ) );margin-right: 4%;\"><div class=\"fusion-column-wrapper fusion-flex-column-wrapper-legacy\"><div class=\"fusion-image-element in-legacy-container\" style=\"--awb-caption-title-font-family:var(--h2_typography-font-family);--awb-caption-title-font-weight:var(--h2_typography-font-weight);--awb-caption-title-font-style:var(--h2_typography-font-style);--awb-caption-title-size:var(--h2_typography-font-size);--awb-caption-title-transform:var(--h2_typography-text-transform);--awb-caption-title-line-height:var(--h2_typography-line-height);--awb-caption-title-letter-spacing:var(--h2_typography-letter-spacing);\"><span class=\" fusion-imageframe imageframe-none imageframe-2 hover-type-none\" style=\"border:1px solid #555555;\"><img decoding=\"async\" src=\"http:\/\/explainas.com\/wp-content\/uploads\/2017\/09\/officevisual-facilitators_20170704-1.jpg\" alt class=\"img-responsive\"\/><\/span><\/div><div class=\"fusion-clearfix\"><\/div><\/div><\/div><div class=\"fusion-layout-column fusion_builder_column fusion-builder-column-2 fusion_builder_column_1_3 1_3 fusion-one-third\" style=\"--awb-bg-size:cover;--awb-margin-bottom:20px;width:33.333333333333%;width:calc(33.333333333333% - ( ( 4% + 4% ) * 0.33333333333333 ) );margin-right: 4%;\"><div class=\"fusion-column-wrapper fusion-flex-column-wrapper-legacy\"><div class=\"fusion-text fusion-text-1\"><h2>Die L\u00f6sung Ihrer kommunikativen Herausforderung<\/h2>\n<p>Wir leben in einer Welt, die sich st\u00e4ndig ver\u00e4ndert. Und das mit zunehmener Geschwindigkeit. Daher glauben wir, da\u00df die Menschen und Organisationen, die \u201ethe hidden obvious\u201c entdecken, diejenigen sind, die in dieser Welt Erfolg haben. Vorausgesetzt sie \u201eco-kreieren\u201c neue, umfassende L\u00f6sungen.<\/p>\n<p>Um dies zu erreichen, bieten wir unseren Kunden Services, Tools und Visuals mit deren Hilfe sie in der Lage sind ihr Business erfolgreich zu transformieren. Dabei achten wir darauf, dies in kleinen, machbaren Schritten zu erm\u00f6glichen. Durch individuelle, auf den Kunden zugeschnittene Videos heben wir uns von den \u00fcblichen Erkl\u00e4rfilmen, die heute oft standardisiert angeboten werden, ab.<\/p>\n<p>Und:<\/p>\n<h4>\u201eWir lieben was wir tun!\u201c<\/h4>\n<\/div><div class=\"fusion-clearfix\"><\/div><\/div><\/div><div class=\"fusion-layout-column fusion_builder_column fusion-builder-column-3 fusion_builder_column_1_3 1_3 fusion-one-third fusion-column-last\" style=\"--awb-bg-size:cover;--awb-margin-bottom:20px;width:33.333333333333%;width:calc(33.333333333333% - ( ( 4% + 4% ) * 0.33333333333333 ) );\"><div class=\"fusion-column-wrapper fusion-flex-column-wrapper-legacy\"><div class=\"fusion-text fusion-text-2\"><h2>Erkl\u00e4rvideo Produktion<\/h2>\n<p>Ver\u00e4nderungen sind komplex. Und weder mit Verstand noch Worten zu erfassen. Dennoch w\u00fcnschen wir uns sinnvollen Wandel, der bleibt. Vision und Werte, die gelebt werden. Projekte, bei denen die Menschen mit Hingabe, Verstand und Kreativit\u00e4t dabei sind.<\/p>\n<p>Werte, Strategien, Visionen oder neue Abl\u00e4ufe: All das erleben Menschen als etwas Abstraktes. Erst durch einen gemeinsamen Prozess werden sie lebendig. Erst durch Farben, Formen und Geschichten wirken sie auf Verstand, Herz und Seele. Sie werden greifbar, sp\u00fcrbar, machen Spa\u00df. Sogar die Zukunft wird so vorab erlebbar.<\/p>\n<p>Dieser Prozess wirkt auf uns ber\u00fchrend und vor allem nachhaltig. Wir haben die F\u00e4higkeit und die Struktur alle diese Prozesse von Anfang an mit allen Visualisierungsleistungen zu begleiten und am Ende steht ein Erkl\u00e4rfilm.<\/p>\n<\/div><div class=\"fusion-clearfix\"><\/div><\/div><\/div><\/div><\/div><div class=\"fusion-fullwidth fullwidth-box fusion-builder-row-2 nonhundred-percent-fullwidth non-hundred-percent-height-scrolling\" style=\"--awb-border-radius-top-left:0px;--awb-border-radius-top-right:0px;--awb-border-radius-bottom-right:0px;--awb-border-radius-bottom-left:0px;--awb-flex-wrap:wrap;\" ><div class=\"fusion-builder-row fusion-row\"><div class=\"fusion-layout-column fusion_builder_column fusion-builder-column-4 fusion_builder_column_1_1 1_1 fusion-one-full fusion-column-first fusion-column-last\" style=\"--awb-bg-size:cover;--awb-margin-bottom:20px;\"><div class=\"fusion-column-wrapper fusion-flex-column-wrapper-legacy\"><div class=\"fusion-sep-clear\"><\/div><div class=\"fusion-separator fusion-full-width-sep\" style=\"margin-left: auto;margin-right: auto;margin-bottom:30px;width:100%;\"><div class=\"fusion-separator-border sep-single sep-solid\" style=\"--awb-height:20px;--awb-amount:20px;--awb-sep-color:#e8e5e5;border-color:#e8e5e5;border-top-width:1px;\"><\/div><\/div><div class=\"fusion-sep-clear\"><\/div><div class=\"fusion-clearfix\"><\/div><\/div><\/div><div class=\"fusion-layout-column fusion_builder_column fusion-builder-column-5 fusion_builder_column_1_3 1_3 fusion-one-third fusion-column-first\" style=\"--awb-bg-size:cover;--awb-margin-bottom:20px;width:33.333333333333%;width:calc(33.333333333333% - ( ( 4% + 4% ) * 0.33333333333333 ) );margin-right: 4%;\"><div class=\"fusion-column-wrapper fusion-flex-column-wrapper-legacy\"><div class=\"fusion-image-element in-legacy-container\" style=\"--awb-caption-title-font-family:var(--h2_typography-font-family);--awb-caption-title-font-weight:var(--h2_typography-font-weight);--awb-caption-title-font-style:var(--h2_typography-font-style);--awb-caption-title-size:var(--h2_typography-font-size);--awb-caption-title-transform:var(--h2_typography-text-transform);--awb-caption-title-line-height:var(--h2_typography-line-height);--awb-caption-title-letter-spacing:var(--h2_typography-letter-spacing);\"><span class=\" fusion-imageframe imageframe-none imageframe-3 hover-type-none\" style=\"border:1px solid #555555;\"><img decoding=\"async\" src=\"https:\/\/explainas.com\/wp-content\/uploads\/2017\/09\/qualita\u0308tsworkshop-visual-facilitators_20161215-1024x683.jpg\" alt class=\"img-responsive\"\/><\/span><\/div><div class=\"fusion-clearfix\"><\/div><\/div><\/div><div class=\"fusion-layout-column fusion_builder_column fusion-builder-column-6 fusion_builder_column_1_3 1_3 fusion-one-third\" style=\"--awb-bg-size:cover;--awb-margin-bottom:20px;width:33.333333333333%;width:calc(33.333333333333% - ( ( 4% + 4% ) * 0.33333333333333 ) );margin-right: 4%;\"><div class=\"fusion-column-wrapper fusion-flex-column-wrapper-legacy\"><div class=\"fusion-text fusion-text-3\"><h2>Premium Erkl\u00e4rvideo Produktion<\/h2>\n<p>Wir sind es gewohnt, f\u00fcr Industrie, Agenturen, Beratungsunternehmen etc. in Diskretion und hohem Projektanspruch t\u00e4tig zu sein. EXPLAINAS sieht sich als hochkar\u00e4tiger Anbieter und liefert Ihnen die hohe Qualit\u00e4t, die Ihr Kommunikationsanspruch braucht.<\/p>\n<p>Seit 2005 haben wir tausende Projekte abgewickelt, jedes Jahr hunderte Visualisierungen angefertigt, mit zahlreichen Facilitators zusammengearbeitet und Events aller Gr\u00f6ssenordnungen begleitet. Seit 2011 bieten wir EXPLAINAS Erkl\u00e4rvideos. Heute sind wir ein erfahrenes Team. Aktiv in einem internationalen Netzwerk. Wir sind Mitgestalter des Wandels. Und wir f\u00f6rdern L\u00f6sungen f\u00fcr eine komplexe, neue Welt.<\/p>\n<\/div><div class=\"fusion-clearfix\"><\/div><\/div><\/div><div class=\"fusion-layout-column fusion_builder_column fusion-builder-column-7 fusion_builder_column_1_3 1_3 fusion-one-third fusion-column-last\" style=\"--awb-bg-size:cover;--awb-margin-bottom:20px;width:33.333333333333%;width:calc(33.333333333333% - ( ( 4% + 4% ) * 0.33333333333333 ) );\"><div class=\"fusion-column-wrapper fusion-flex-column-wrapper-legacy\"><div class=\"fusion-text fusion-text-4\"><h2>Attention to detail<\/h2>\n<p>Eine Haltung, die uns auszeichnet und f\u00fcr unsere Kunden einen deutlichen Unterschied macht. Schlie\u00dflich achten wir stets auf jedes Detail. Von der Buchung bis zur Nachbesprechung.<\/p>\n<p>Erfahren Sie, <a href=\"http:\/\/explainas.com\/de\/kunden\/was-kunden-sagen\/\">was Kunden sagen<\/a>, mit denen wir in einer langen, tiefen und wertsch\u00f6pfenden Verbindungen stehen.<\/p>\n<\/div><div class=\"fusion-sep-clear\"><\/div><div class=\"fusion-separator fusion-full-width-sep\" style=\"margin-left: auto;margin-right: auto;margin-top:15px;margin-bottom:15px;width:100%;\"><\/div><div class=\"fusion-sep-clear\"><\/div><div class=\"fusion-button-wrapper\"><a class=\"fusion-button button-flat fusion-button-default-size button-custom fusion-button-default button-1 fusion-button-default-span fusion-button-default-type\" style=\"--button_accent_color:#d0621f;--button_border_color:#d0621f;--button_accent_hover_color:#575756;--button_border_hover_color:#575756;--button_gradient_top_color:rgba(255,255,255,0);--button_gradient_bottom_color:rgba(255,255,255,0);--button_gradient_top_color_hover:rgba(255,255,255,0.035);--button_gradient_bottom_color_hover:rgba(255,255,255,0.035);\" target=\"_blank\" rel=\"noopener noreferrer\" title=\"Kompetenzprofil Graphic Recording - Brosch\u00fcre im PDF-Format (5 MB)\" aria-label=\"Kompetenzprofil Graphic Recording - Brosch\u00fcre im PDF-Format (5 MB)\" href=\"http:\/\/explainas.com\/wp-content\/uploads\/2017\/07\/Visual_Facilitators_Broschuere_2016.pdf\"><i class=\" fa fa-arrow-circle-down awb-button__icon awb-button__icon--default button-icon-left\" aria-hidden=\"true\"><\/i><span class=\"fusion-button-text awb-button__text awb-button__text--default\">Unsere Brosch\u00fcre als PDF Download<\/span><\/a><\/div><div class=\"fusion-clearfix\"><\/div><\/div><\/div><div class=\"fusion-layout-column fusion_builder_column fusion-builder-column-8 fusion_builder_column_1_1 1_1 fusion-one-full fusion-column-first fusion-column-last\" style=\"--awb-bg-size:cover;--awb-margin-bottom:20px;\"><div class=\"fusion-column-wrapper fusion-flex-column-wrapper-legacy\"><div class=\"fusion-sep-clear\"><\/div><div class=\"fusion-separator fusion-full-width-sep\" style=\"margin-left: auto;margin-right: auto;margin-bottom:30px;width:100%;\"><div class=\"fusion-separator-border sep-single sep-solid\" style=\"--awb-height:20px;--awb-amount:20px;--awb-sep-color:#e8e5e5;border-color:#e8e5e5;border-top-width:1px;\"><\/div><\/div><div class=\"fusion-sep-clear\"><\/div><div class=\"fusion-clearfix\"><\/div><\/div><\/div><\/div><\/div><\/p>\n","protected":false},"excerpt":{"rendered":"","protected":false},"author":1,"featured_media":0,"parent":0,"menu_order":0,"comment_status":"closed","ping_status":"closed","template":"100-width.php","meta":{"footnotes":""},"class_list":["post-778","page","type-page","status-publish","hentry"],"_links":{"self":[{"href":"https:\/\/explainas.com\/de\/wp-json\/wp\/v2\/pages\/778","targetHints":{"allow":["GET"]}}],"collection":[{"href":"https:\/\/explainas.com\/de\/wp-json\/wp\/v2\/pages"}],"about":[{"href":"https:\/\/explainas.com\/de\/wp-json\/wp\/v2\/types\/page"}],"author":[{"embeddable":true,"href":"https:\/\/explainas.com\/de\/wp-json\/wp\/v2\/users\/1"}],"replies":[{"embeddable":true,"href":"https:\/\/explainas.com\/de\/wp-json\/wp\/v2\/comments?post=778"}],"version-history":[{"count":100,"href":"https:\/\/explainas.com\/de\/wp-json\/wp\/v2\/pages\/778\/revisions"}],"predecessor-version":[{"id":6149,"href":"https:\/\/explainas.com\/de\/wp-json\/wp\/v2\/pages\/778\/revisions\/6149"}],"wp:attachment":[{"href":"https:\/\/explainas.com\/de\/wp-json\/wp\/v2\/media?parent=778"}],"curies":[{"name":"wp","href":"https:\/\/api.w.org\/{rel}","templated":true}]}}