{"id":783,"date":"2017-06-22T00:54:17","date_gmt":"2017-06-21T22:54:17","guid":{"rendered":"http:\/\/integralfacilitation.de\/?page_id=783"},"modified":"2025-07-21T13:28:45","modified_gmt":"2025-07-21T11:28:45","slug":"impressum","status":"publish","type":"page","link":"https:\/\/explainas.com\/de\/impressum\/","title":{"rendered":"Impressum"},"content":{"rendered":"<div class=\"fusion-fullwidth fullwidth-box fusion-builder-row-1 nonhundred-percent-fullwidth non-hundred-percent-height-scrolling\" style=\"--awb-border-radius-top-left:0px;--awb-border-radius-top-right:0px;--awb-border-radius-bottom-right:0px;--awb-border-radius-bottom-left:0px;--awb-flex-wrap:wrap;\" ><div class=\"fusion-builder-row fusion-row\"><div class=\"fusion-layout-column fusion_builder_column fusion-builder-column-0 fusion_builder_column_1_1 1_1 fusion-one-full fusion-column-first fusion-column-last\" style=\"--awb-bg-size:cover;--awb-margin-bottom:0px;\"><div class=\"fusion-column-wrapper fusion-flex-column-wrapper-legacy\"><div class=\"fusion-text fusion-text-1\" style=\"--awb-text-transform:none;\"><h1>Impressum \/ Disclaimer \/ Haftungsausschluss \/ Datenschutzerkl\u00e4rung<\/h1>\n<p class=\"s6\"><span class=\"s2\">Visual Facilitators GmbH<\/span><span class=\"s3\"><br \/>\n<\/span><span class=\"s3\">Colonnaden 9<\/span><span class=\"s3\"><br \/>\n<\/span><span class=\"s3\">20354 Hamburg<\/span><span class=\"s3\"><br \/>\n<\/span><span class=\"s3\"><br \/>\n<\/span><span class=\"s3\">vertreten durch ihren Gesch\u00e4ftsf\u00fchrer:<\/span><span class=\"s3\"><br \/>\n<\/span><span class=\"s3\">Herr Mathias Weitbrecht<\/span><span class=\"s3\"><br \/>\n<\/span><span class=\"s3\"><br \/>\n<\/span><span class=\"s3\">E-Mail: info@visualfacilitators.com<\/span><span class=\"s3\"><br \/>\n<\/span><span class=\"s3\">Website: www.visualfacilitators.com<\/span><span class=\"s3\"><br \/>\n<\/span><span class=\"s3\">Telefon: 040-63607889<\/span><span class=\"s3\"><br \/>\n<\/span><span class=\"s3\"><br \/>\n<\/span><span class=\"s2\">Verantwortlich f\u00fcr redaktionelle Inhalte<\/span><span class=\"s3\"><br \/>\n<\/span><span class=\"s3\">Herr Mathias Weitbrecht<\/span><span class=\"s3\"><br \/>\n<\/span><span class=\"s3\"><br \/>\n<\/span><span class=\"s2\">Umsatzsteuer-Identifikationsnummer<\/span><span class=\"s3\"><br \/>\n<\/span><span class=\"s3\">DE312260546<\/span><span class=\"s3\"><br \/>\n<\/span><span class=\"s3\"><br \/>\n<\/span><strong><span class=\"s2\">Eintrag im Handelsregister<\/span><\/strong><span class=\"s3\"><br \/>\n<\/span><span class=\"s3\">Amtsgericht Hamburg, HRB 146890<\/span><span class=\"s3\"><br \/>\n<\/span><span class=\"s3\"><br \/>\n<\/span><strong><span class=\"s2\">Verbraucher-Streitschlichtung<\/span><\/strong><span class=\"s3\"><br \/>\n<\/span><span class=\"s3\">Wir sind nicht bereit und nicht verpflichtet an einem Streitbeilegungsverfahren vor einer Verbraucherschlichtungsstelle teilzunehmen.<\/span><span class=\"s3\"><br \/>\n<\/span><span class=\"s3\"><br \/>\n<\/span><strong><span class=\"s2\">Haftung f\u00fcr Links<\/span><\/strong><span class=\"s3\"><br \/>\n<\/span><span class=\"s3\">Externe Links unserer Internetseite f\u00fchren zu Inhalten fremder Anbieter. F\u00fcr diese Inhalte ist allein der jeweilige Anbieter verantwortlich. Bei bekannt werden von Rechtsverletzungen werden diese Links umgehend entfernt.<\/span><\/p>\n<p><strong><span class=\"s2\">Urheberrechtshinweis<\/span><\/strong><span class=\"s3\"><br \/>\n<\/span><span class=\"s3\">Die durch uns erstellten Inhalte und Werke auf dieser Website unterliegen dem deutschen Urheberrecht. Die Vervielf\u00e4ltigung, Bearbeitung, Verbreitung und jede Art der Verwertung au\u00dferhalb der Grenzen des Urheberrechtes bed\u00fcrfen der schriftlichen Zustimmung des jeweiligen Autors bzw. Erstellers. Soweit die Inhalte auf dieser Seite nicht von uns selbst erstellt wurden, werden Urheberrechte Dritter beachtet. Insbesondere werden Inhalte Dritter als solche gekennzeichnet. Sollten Sie trotzdem auf eine Urheberrechtsverletzung aufmerksam werden, wird um einen entsprechenden Hinweis gebeten. Bei Bekanntwerden von Rechtsverletzungen werden wir derartige Inhalte umgehend entfernen.<\/span><\/p>\n<\/div><div class=\"fusion-clearfix\"><\/div><\/div><\/div><\/div><\/div>\n","protected":false},"excerpt":{"rendered":"","protected":false},"author":1,"featured_media":0,"parent":0,"menu_order":0,"comment_status":"closed","ping_status":"closed","template":"","meta":{"footnotes":""},"class_list":["post-783","page","type-page","status-publish","hentry"],"_links":{"self":[{"href":"https:\/\/explainas.com\/de\/wp-json\/wp\/v2\/pages\/783","targetHints":{"allow":["GET"]}}],"collection":[{"href":"https:\/\/explainas.com\/de\/wp-json\/wp\/v2\/pages"}],"about":[{"href":"https:\/\/explainas.com\/de\/wp-json\/wp\/v2\/types\/page"}],"author":[{"embeddable":true,"href":"https:\/\/explainas.com\/de\/wp-json\/wp\/v2\/users\/1"}],"replies":[{"embeddable":true,"href":"https:\/\/explainas.com\/de\/wp-json\/wp\/v2\/comments?post=783"}],"version-history":[{"count":23,"href":"https:\/\/explainas.com\/de\/wp-json\/wp\/v2\/pages\/783\/revisions"}],"predecessor-version":[{"id":6144,"href":"https:\/\/explainas.com\/de\/wp-json\/wp\/v2\/pages\/783\/revisions\/6144"}],"wp:attachment":[{"href":"https:\/\/explainas.com\/de\/wp-json\/wp\/v2\/media?parent=783"}],"curies":[{"name":"wp","href":"https:\/\/api.w.org\/{rel}","templated":true}]}}